{"id":239,"date":"2021-08-25T02:16:38","date_gmt":"2021-08-25T02:16:38","guid":{"rendered":"https:\/\/valery.no\/about\/"},"modified":"2025-09-17T05:31:16","modified_gmt":"2025-09-17T05:31:16","slug":"om-oss","status":"publish","type":"page","link":"https:\/\/valery.no\/en\/om-oss\/","title":{"rendered":"ABOUT US"},"content":{"rendered":"<h1 class=\"wp-block-heading has-text-align-center\">Om oss<\/h1>\n\n\n\n<div class=\"wp-block-columns is-layout-flex wp-container-core-columns-is-layout-28f84493 wp-block-columns-is-layout-flex\">\n<div class=\"wp-block-column is-layout-flow wp-block-column-is-layout-flow\">\n<p style=\"font-size:20px\">Irma er en erfaren skj\u00f8nnhetsekspert med et smil som lyser opp rommet. Med fokus p\u00e5 kundens behov skreddersyr hun behandlinger som passer perfekt til individuelle hudpleiebehov. Som en dyktig hud- og skj\u00f8nnhetsterapeut er Irma alltid oppdatert p\u00e5 de nyeste trendene og teknikkene. Hun sikrer at hver behandling etterlater kundene med fornyet selvtillit og velv\u00e6re. Dedikert til \u00e5 skape en avslappende opplevelse, er Irmas lidenskap for skj\u00f8nnhet og velv\u00e6re tydelig i alt hun gj\u00f8r.<\/p>\n\n\n\n<p style=\"font-size:20px\">Irmas filosofi<\/p>\n\n\n\n<p style=\"font-size:20px\">Jeg tror den beste investeringen man kan gj\u00f8re, er i seg selv. Det er avgj\u00f8rende for meg at mine kunder f\u00f8ler seg best mulig. Jeg strekker meg langt for at hver enkelt kunde skal f\u00f8le seg velkommen, og forn\u00f8yde kunder er min h\u00f8yeste prioritet.<\/p>\n<\/div>\n\n\n\n<div class=\"wp-block-column is-layout-flow wp-block-column-is-layout-flow\">\n<figure class=\"wp-block-image size-full is-resized has-custom-border\"><img loading=\"lazy\" decoding=\"async\" width=\"600\" height=\"400\" src=\"https:\/\/valery.no\/wp-content\/uploads\/2024\/01\/422645619_922880329230266_7648027751865764730_n.jpg\" alt=\"\" class=\"wp-image-1172\" style=\"border-radius:100px;width:807px;height:auto\" srcset=\"https:\/\/valery.no\/wp-content\/uploads\/2024\/01\/422645619_922880329230266_7648027751865764730_n.jpg 600w, https:\/\/valery.no\/wp-content\/uploads\/2024\/01\/422645619_922880329230266_7648027751865764730_n-300x200.jpg 300w\" sizes=\"auto, (max-width: 600px) 100vw, 600px\" \/><\/figure>\n<\/div>\n<\/div>\n\n\n\n<h2 class=\"wp-block-heading has-text-align-center\">Utdanning<\/h2>\n\n\n\n<div class=\"wp-block-columns is-layout-flex wp-container-core-columns-is-layout-28f84493 wp-block-columns-is-layout-flex\">\n<div class=\"wp-block-column is-layout-flow wp-block-column-is-layout-flow\">\n<ul class=\"wp-block-list\">\n<li style=\"font-size:20px\">Bachelorgrad i pedagogikk i 2004.<\/li>\n\n\n\n<li style=\"font-size:20px\">Utdannelse innen skj\u00f8nnhets- og hudpleie i 2021\/2022, inkludert ansiktsmassasje, ansiktsrens og ultralydbehandlinger. Jeg ble ogs\u00e5 sertifisert som negletekniker og fotpleier.<\/li>\n\n\n\n<li style=\"font-size:20px\">I tillegg til grunnutdannelsen har jeg deltatt p\u00e5 flere tilleggs-kurs: bryndesign-master, bryn- og vipper-laminering.<\/li>\n\n\n\n<li style=\"font-size:20px\">2022-2024 student hos Senzie akademiet.  CIDESCO-sertifisering DERMAPEUT- hudpleie.  <\/li>\n\n\n\n<li style=\"font-size:20px\">Dermapeut-hudpleie studiet skiller seg ut med sin omfattende l\u00e6replan innen dermatologi og behandlinger som er sv\u00e6rt etterspurte, blant annet:\n<ul class=\"wp-block-list\">\n<li> Hudpleie og grunnleggende hudbehandlinger<\/li>\n\n\n\n<li style=\"font-size:20px\"> Kjemisk peeling<\/li>\n\n\n\n<li> Ern\u00e6ring<\/li>\n\n\n\n<li> Sollys og solskader<\/li>\n\n\n\n<li> Kosmetisk kjemi<\/li>\n\n\n\n<li> Aromamassasje<\/li>\n\n\n\n<li> Dermatologi<\/li>\n\n\n\n<li> Immunologi<\/li>\n\n\n\n<li> Voksing<\/li>\n\n\n\n<li> \u00d8kologisk hudpleie og bruk av \u00f8kologiske produkter<\/li>\n\n\n\n<li>Ansiktsmassasje KOBIDO<\/li>\n<\/ul>\n<\/li>\n<\/ul>\n<\/div>\n<\/div>","protected":false},"excerpt":{"rendered":"<p>Om oss Irma er en erfaren skj\u00f8nnhetsekspert med et smil som lyser opp rommet. Med fokus p\u00e5 kundens behov skreddersyr [&hellip;]<\/p>\n","protected":false},"author":1,"featured_media":0,"parent":0,"menu_order":0,"comment_status":"closed","ping_status":"closed","template":"","meta":{"site-sidebar-layout":"no-sidebar","site-content-layout":"page-builder","ast-site-content-layout":"full-width-container","site-content-style":"unboxed","site-sidebar-style":"unboxed","ast-global-header-display":"","ast-banner-title-visibility":"","ast-main-header-display":"","ast-hfb-above-header-display":"","ast-hfb-below-header-display":"","ast-hfb-mobile-header-display":"","site-post-title":"disabled","ast-breadcrumbs-content":"disabled","ast-featured-img":"disabled","footer-sml-layout":"","ast-disable-related-posts":"","theme-transparent-header-meta":"default","adv-header-id-meta":"","stick-header-meta":"","header-above-stick-meta":"","header-main-stick-meta":"","header-below-stick-meta":"","astra-migrate-meta-layouts":"set","ast-page-background-enabled":"default","ast-page-background-meta":{"desktop":{"background-color":"var(--ast-global-color-4)","background-image":"","background-repeat":"repeat","background-position":"center center","background-size":"auto","background-attachment":"scroll","background-type":"","background-media":"","overlay-type":"","overlay-color":"","overlay-opacity":"","overlay-gradient":""},"tablet":{"background-color":"","background-image":"","background-repeat":"repeat","background-position":"center center","background-size":"auto","background-attachment":"scroll","background-type":"","background-media":"","overlay-type":"","overlay-color":"","overlay-opacity":"","overlay-gradient":""},"mobile":{"background-color":"","background-image":"","background-repeat":"repeat","background-position":"center center","background-size":"auto","background-attachment":"scroll","background-type":"","background-media":"","overlay-type":"","overlay-color":"","overlay-opacity":"","overlay-gradient":""}},"ast-content-background-meta":{"desktop":{"background-color":"var(--ast-global-color-5)","background-image":"","background-repeat":"repeat","background-position":"center center","background-size":"auto","background-attachment":"scroll","background-type":"","background-media":"","overlay-type":"","overlay-color":"","overlay-opacity":"","overlay-gradient":""},"tablet":{"background-color":"var(--ast-global-color-5)","background-image":"","background-repeat":"repeat","background-position":"center center","background-size":"auto","background-attachment":"scroll","background-type":"","background-media":"","overlay-type":"","overlay-color":"","overlay-opacity":"","overlay-gradient":""},"mobile":{"background-color":"var(--ast-global-color-5)","background-image":"","background-repeat":"repeat","background-position":"center center","background-size":"auto","background-attachment":"scroll","background-type":"","background-media":"","overlay-type":"","overlay-color":"","overlay-opacity":"","overlay-gradient":""}},"footnotes":""},"class_list":["post-239","page","type-page","status-publish","hentry"],"yoast_head":"<!-- This site is optimized with the Yoast SEO plugin v27.3 - https:\/\/yoast.com\/product\/yoast-seo-wordpress\/ -->\n<title>OM OSS - Valery Hudklinikk<\/title>\n<meta name=\"description\" content=\"Valery Hudklinikk\" \/>\n<meta name=\"robots\" content=\"index, follow, max-snippet:-1, max-image-preview:large, max-video-preview:-1\" \/>\n<link rel=\"canonical\" href=\"https:\/\/valery.no\/en\/om-oss\/\" \/>\n<meta property=\"og:locale\" content=\"en_GB\" \/>\n<meta property=\"og:type\" content=\"article\" \/>\n<meta property=\"og:title\" content=\"OM OSS - Valery Hudklinikk\" \/>\n<meta property=\"og:description\" content=\"Valery Hudklinikk\" \/>\n<meta property=\"og:url\" content=\"https:\/\/valery.no\/en\/om-oss\/\" \/>\n<meta property=\"og:site_name\" content=\"Valery Hudklinikk\" \/>\n<meta property=\"article:modified_time\" content=\"2025-09-17T05:31:16+00:00\" \/>\n<meta property=\"og:image\" content=\"https:\/\/valery.no\/wp-content\/uploads\/2024\/01\/422645619_922880329230266_7648027751865764730_n.jpg\" \/>\n\t<meta property=\"og:image:width\" content=\"600\" \/>\n\t<meta property=\"og:image:height\" content=\"400\" \/>\n\t<meta property=\"og:image:type\" content=\"image\/jpeg\" \/>\n<meta name=\"twitter:card\" content=\"summary_large_image\" \/>\n<meta name=\"twitter:label1\" content=\"Estimated reading time\" \/>\n\t<meta name=\"twitter:data1\" content=\"2 minutes\" \/>\n<script type=\"application\/ld+json\" class=\"yoast-schema-graph\">{\"@context\":\"https:\\\/\\\/schema.org\",\"@graph\":[{\"@type\":\"WebPage\",\"@id\":\"https:\\\/\\\/valery.no\\\/om-oss\\\/\",\"url\":\"https:\\\/\\\/valery.no\\\/om-oss\\\/\",\"name\":\"OM OSS - Valery Hudklinikk\",\"isPartOf\":{\"@id\":\"https:\\\/\\\/valery.no\\\/#website\"},\"primaryImageOfPage\":{\"@id\":\"https:\\\/\\\/valery.no\\\/om-oss\\\/#primaryimage\"},\"image\":{\"@id\":\"https:\\\/\\\/valery.no\\\/om-oss\\\/#primaryimage\"},\"thumbnailUrl\":\"https:\\\/\\\/valery.no\\\/wp-content\\\/uploads\\\/2024\\\/01\\\/422645619_922880329230266_7648027751865764730_n.jpg\",\"datePublished\":\"2021-08-25T02:16:38+00:00\",\"dateModified\":\"2025-09-17T05:31:16+00:00\",\"description\":\"Valery Hudklinikk\",\"breadcrumb\":{\"@id\":\"https:\\\/\\\/valery.no\\\/om-oss\\\/#breadcrumb\"},\"inLanguage\":\"en-GB\",\"potentialAction\":[{\"@type\":\"ReadAction\",\"target\":[\"https:\\\/\\\/valery.no\\\/om-oss\\\/\"]}]},{\"@type\":\"ImageObject\",\"inLanguage\":\"en-GB\",\"@id\":\"https:\\\/\\\/valery.no\\\/om-oss\\\/#primaryimage\",\"url\":\"https:\\\/\\\/valery.no\\\/wp-content\\\/uploads\\\/2024\\\/01\\\/422645619_922880329230266_7648027751865764730_n.jpg\",\"contentUrl\":\"https:\\\/\\\/valery.no\\\/wp-content\\\/uploads\\\/2024\\\/01\\\/422645619_922880329230266_7648027751865764730_n.jpg\"},{\"@type\":\"BreadcrumbList\",\"@id\":\"https:\\\/\\\/valery.no\\\/om-oss\\\/#breadcrumb\",\"itemListElement\":[{\"@type\":\"ListItem\",\"position\":1,\"name\":\"Home\",\"item\":\"https:\\\/\\\/valery.no\\\/\"},{\"@type\":\"ListItem\",\"position\":2,\"name\":\"OM OSS\"}]},{\"@type\":\"WebSite\",\"@id\":\"https:\\\/\\\/valery.no\\\/#website\",\"url\":\"https:\\\/\\\/valery.no\\\/\",\"name\":\"Valery Salong\",\"description\":\"VELKOMMEN\",\"publisher\":{\"@id\":\"https:\\\/\\\/valery.no\\\/#organization\"},\"alternateName\":\"Valery Salong\",\"potentialAction\":[{\"@type\":\"SearchAction\",\"target\":{\"@type\":\"EntryPoint\",\"urlTemplate\":\"https:\\\/\\\/valery.no\\\/?s={search_term_string}\"},\"query-input\":{\"@type\":\"PropertyValueSpecification\",\"valueRequired\":true,\"valueName\":\"search_term_string\"}}],\"inLanguage\":\"en-GB\"},{\"@type\":\"Organization\",\"@id\":\"https:\\\/\\\/valery.no\\\/#organization\",\"name\":\"Valery Salong\",\"url\":\"https:\\\/\\\/valery.no\\\/\",\"logo\":{\"@type\":\"ImageObject\",\"inLanguage\":\"en-GB\",\"@id\":\"https:\\\/\\\/valery.no\\\/#\\\/schema\\\/logo\\\/image\\\/\",\"url\":\"https:\\\/\\\/valery.no\\\/wp-content\\\/uploads\\\/2025\\\/09\\\/cropped-E595FE54-4368-49C2-9478-6ABE2D461FA5-edited.png\",\"contentUrl\":\"https:\\\/\\\/valery.no\\\/wp-content\\\/uploads\\\/2025\\\/09\\\/cropped-E595FE54-4368-49C2-9478-6ABE2D461FA5-edited.png\",\"width\":1023,\"height\":768,\"caption\":\"Valery Salong\"},\"image\":{\"@id\":\"https:\\\/\\\/valery.no\\\/#\\\/schema\\\/logo\\\/image\\\/\"}}]}<\/script>\n<!-- \/ Yoast SEO plugin. -->","yoast_head_json":{"title":"OM OSS - Valery Hudklinikk","description":"Valery Hudklinikk","robots":{"index":"index","follow":"follow","max-snippet":"max-snippet:-1","max-image-preview":"max-image-preview:large","max-video-preview":"max-video-preview:-1"},"canonical":"https:\/\/valery.no\/en\/om-oss\/","og_locale":"en_GB","og_type":"article","og_title":"OM OSS - Valery Hudklinikk","og_description":"Valery Hudklinikk","og_url":"https:\/\/valery.no\/en\/om-oss\/","og_site_name":"Valery Hudklinikk","article_modified_time":"2025-09-17T05:31:16+00:00","og_image":[{"width":600,"height":400,"url":"https:\/\/valery.no\/wp-content\/uploads\/2024\/01\/422645619_922880329230266_7648027751865764730_n.jpg","type":"image\/jpeg"}],"twitter_card":"summary_large_image","twitter_misc":{"Estimated reading time":"2 minutes"},"schema":{"@context":"https:\/\/schema.org","@graph":[{"@type":"WebPage","@id":"https:\/\/valery.no\/om-oss\/","url":"https:\/\/valery.no\/om-oss\/","name":"OM OSS - Valery Hudklinikk","isPartOf":{"@id":"https:\/\/valery.no\/#website"},"primaryImageOfPage":{"@id":"https:\/\/valery.no\/om-oss\/#primaryimage"},"image":{"@id":"https:\/\/valery.no\/om-oss\/#primaryimage"},"thumbnailUrl":"https:\/\/valery.no\/wp-content\/uploads\/2024\/01\/422645619_922880329230266_7648027751865764730_n.jpg","datePublished":"2021-08-25T02:16:38+00:00","dateModified":"2025-09-17T05:31:16+00:00","description":"Valery Hudklinikk","breadcrumb":{"@id":"https:\/\/valery.no\/om-oss\/#breadcrumb"},"inLanguage":"en-GB","potentialAction":[{"@type":"ReadAction","target":["https:\/\/valery.no\/om-oss\/"]}]},{"@type":"ImageObject","inLanguage":"en-GB","@id":"https:\/\/valery.no\/om-oss\/#primaryimage","url":"https:\/\/valery.no\/wp-content\/uploads\/2024\/01\/422645619_922880329230266_7648027751865764730_n.jpg","contentUrl":"https:\/\/valery.no\/wp-content\/uploads\/2024\/01\/422645619_922880329230266_7648027751865764730_n.jpg"},{"@type":"BreadcrumbList","@id":"https:\/\/valery.no\/om-oss\/#breadcrumb","itemListElement":[{"@type":"ListItem","position":1,"name":"Home","item":"https:\/\/valery.no\/"},{"@type":"ListItem","position":2,"name":"OM OSS"}]},{"@type":"WebSite","@id":"https:\/\/valery.no\/#website","url":"https:\/\/valery.no\/","name":"Valery Salong","description":"WELCOME","publisher":{"@id":"https:\/\/valery.no\/#organization"},"alternateName":"Valery Salong","potentialAction":[{"@type":"SearchAction","target":{"@type":"EntryPoint","urlTemplate":"https:\/\/valery.no\/?s={search_term_string}"},"query-input":{"@type":"PropertyValueSpecification","valueRequired":true,"valueName":"search_term_string"}}],"inLanguage":"en-GB"},{"@type":"Organization","@id":"https:\/\/valery.no\/#organization","name":"Valery Salong","url":"https:\/\/valery.no\/","logo":{"@type":"ImageObject","inLanguage":"en-GB","@id":"https:\/\/valery.no\/#\/schema\/logo\/image\/","url":"https:\/\/valery.no\/wp-content\/uploads\/2025\/09\/cropped-E595FE54-4368-49C2-9478-6ABE2D461FA5-edited.png","contentUrl":"https:\/\/valery.no\/wp-content\/uploads\/2025\/09\/cropped-E595FE54-4368-49C2-9478-6ABE2D461FA5-edited.png","width":1023,"height":768,"caption":"Valery Salong"},"image":{"@id":"https:\/\/valery.no\/#\/schema\/logo\/image\/"}}]}},"_links":{"self":[{"href":"https:\/\/valery.no\/en\/wp-json\/wp\/v2\/pages\/239","targetHints":{"allow":["GET"]}}],"collection":[{"href":"https:\/\/valery.no\/en\/wp-json\/wp\/v2\/pages"}],"about":[{"href":"https:\/\/valery.no\/en\/wp-json\/wp\/v2\/types\/page"}],"author":[{"embeddable":true,"href":"https:\/\/valery.no\/en\/wp-json\/wp\/v2\/users\/1"}],"replies":[{"embeddable":true,"href":"https:\/\/valery.no\/en\/wp-json\/wp\/v2\/comments?post=239"}],"version-history":[{"count":23,"href":"https:\/\/valery.no\/en\/wp-json\/wp\/v2\/pages\/239\/revisions"}],"predecessor-version":[{"id":3087,"href":"https:\/\/valery.no\/en\/wp-json\/wp\/v2\/pages\/239\/revisions\/3087"}],"wp:attachment":[{"href":"https:\/\/valery.no\/en\/wp-json\/wp\/v2\/media?parent=239"}],"curies":[{"name":"wp","href":"https:\/\/api.w.org\/{rel}","templated":true}]}}