{"id":1774,"date":"2024-03-11T16:02:03","date_gmt":"2024-03-11T16:02:03","guid":{"rendered":"https:\/\/valery.no\/?page_id=1774"},"modified":"2024-04-04T08:01:13","modified_gmt":"2024-04-04T08:01:13","slug":"ansiktsrens-med-ultralyd","status":"publish","type":"page","link":"https:\/\/valery.no\/en\/ansiktsrens-med-ultralyd\/","title":{"rendered":"ANSIKTSRENS  MED ULTRALYD"},"content":{"rendered":"<h1 class=\"wp-block-heading has-text-align-center\">ULTRASOUND (FACE CLEANSING)<\/h1>\n\n\n\n<div class=\"wp-block-columns is-layout-flex wp-container-core-columns-is-layout-28f84493 wp-block-columns-is-layout-flex\">\n<div class=\"wp-block-column is-layout-flow wp-block-column-is-layout-flow\">\n<p class=\"has-medium-font-size\">Facial cleansing with ultrasound is a gentle and effective treatment method that adds moisture to the skin. Each treatment feels refreshing and relieves acne, wrinkles and other skin damage without irritating the skin. The professional facial cleanser with ultrasound is a safe and effective treatment that removes blackheads, impurities, pimples, oil and dirt, and cleans deep into the pores. It provides an immediate and temporary firming effect, at the same time as it tightens and tones the skin and stimulates blood circulation. <\/p>\n\n\n\n<p class=\"has-medium-font-size\">Treatments include:<\/p>\n\n\n\n<ul class=\"wp-block-list\">\n<li class=\"has-medium-font-size\">makeup removal,<\/li>\n\n\n\n<li class=\"has-medium-font-size\">Facial massage<\/li>\n\n\n\n<li class=\"has-medium-font-size\">Seaweed mask<\/li>\n\n\n\n<li class=\"has-medium-font-size\">Deep cleaning with ultrasound<\/li>\n\n\n\n<li class=\"has-medium-font-size\">Disinfection of the facial skin<\/li>\n\n\n\n<li class=\"has-medium-font-size\">Moisturizing alginate mask<\/li>\n\n\n\n<li class=\"has-medium-font-size\">Day cream<\/li>\n<\/ul>\n\n\n\n<p class=\"has-medium-font-size\">We also offer the application of collagen, hyaluron, vitamin C and booster shots to further improve the skin's condition.<\/p>\n\n\n\n<p class=\"has-medium-font-size\"><strong>Alginate mask<\/strong> \u2013 Restorative and firming mask. A skin regenerating and immediately firming mask, composed of algae and natural ingredients. When it dries on the skin, it provides an anti-aging effect, is rich in antioxidants and has moisturizing properties that cool and soothe the skin. <\/p>\n\n\n\n<p class=\"has-medium-font-size\"><strong>The seaweed mask:<\/strong> <\/p>\n\n\n\n<ul class=\"wp-block-list\">\n<li class=\"has-medium-font-size\">Prevents moisture loss<\/li>\n\n\n\n<li class=\"has-medium-font-size\">Preserves the skin's natural moisture balance<\/li>\n\n\n\n<li class=\"has-medium-font-size\">Improves the skin's functions and tightens the skin<\/li>\n\n\n\n<li class=\"has-medium-font-size\">Gives a lighter skin tone<\/li>\n\n\n\n<li class=\"has-medium-font-size\">Has anti-inflammatory properties that protect against environmental factors and prevent skin damage<\/li>\n<\/ul>\n\n\n\n<p class=\"has-medium-font-size\">To achieve the best possible result and durability, it is recommended to follow a course of 4-6 times.<\/p>\n<\/div>\n\n\n\n<div class=\"wp-block-column is-layout-flow wp-block-column-is-layout-flow\">\n<figure class=\"wp-block-image size-large has-custom-border\"><img loading=\"lazy\" decoding=\"async\" width=\"1024\" height=\"575\" src=\"https:\/\/valery.no\/wp-content\/uploads\/2024\/02\/IMG_0659-1024x575.jpg\" alt=\"\" class=\"wp-image-2027\" style=\"border-radius:100px\" srcset=\"https:\/\/valery.no\/wp-content\/uploads\/2024\/02\/IMG_0659-1024x575.jpg 1024w, https:\/\/valery.no\/wp-content\/uploads\/2024\/02\/IMG_0659-300x168.jpg 300w, https:\/\/valery.no\/wp-content\/uploads\/2024\/02\/IMG_0659-768x431.jpg 768w, https:\/\/valery.no\/wp-content\/uploads\/2024\/02\/IMG_0659-1536x862.jpg 1536w, https:\/\/valery.no\/wp-content\/uploads\/2024\/02\/IMG_0659-2048x1150.jpg 2048w\" sizes=\"auto, (max-width: 1024px) 100vw, 1024px\" \/><\/figure>\n<\/div>\n<\/div>\n\n\n\n<div class=\"wp-block-buttons is-content-justification-center is-layout-flex wp-container-core-buttons-is-layout-a89b3969 wp-block-buttons-is-layout-flex\">\n<div class=\"wp-block-button has-custom-font-size is-style-fill has-medium-font-size\"><a class=\"wp-block-button__link has-ast-global-color-2-color has-ast-global-color-1-background-color has-text-color has-background has-link-color wp-element-button\" href=\"https:\/\/bestill.timma.no\/valerysalong?fbclid=IwAR31eqga_fEPx8pyc8oUzHKNKD7syJ29EuQ3wh1QUp2KEA3Ig6vJe1ObRaU\" style=\"padding-top:var(--wp--preset--spacing--30);padding-bottom:var(--wp--preset--spacing--30)\" target=\"_blank\" rel=\"noreferrer noopener\"><em><strong>MAKE AN APPOINTMENT<\/strong><\/em><\/a><\/div>\n<\/div>\n\n\n\n<div style=\"height:100px\" aria-hidden=\"true\" class=\"wp-block-spacer\"><\/div>","protected":false},"excerpt":{"rendered":"<p>ULTRALYD (ANSIKTSRENS) Ansiktsrens med ultralyd er en sk\u00e5nsom og effektiv behandlingsmetode som tilf\u00f8rer huden fuktighet. Hver behandling f\u00f8les forfriskende og [&hellip;]<\/p>\n","protected":false},"author":1,"featured_media":0,"parent":0,"menu_order":0,"comment_status":"closed","ping_status":"closed","template":"","meta":{"site-sidebar-layout":"no-sidebar","site-content-layout":"page-builder","ast-site-content-layout":"full-width-container","site-content-style":"default","site-sidebar-style":"default","ast-global-header-display":"","ast-banner-title-visibility":"","ast-main-header-display":"","ast-hfb-above-header-display":"","ast-hfb-below-header-display":"","ast-hfb-mobile-header-display":"","site-post-title":"disabled","ast-breadcrumbs-content":"","ast-featured-img":"disabled","footer-sml-layout":"","ast-disable-related-posts":"","theme-transparent-header-meta":"","adv-header-id-meta":"","stick-header-meta":"","header-above-stick-meta":"","header-main-stick-meta":"","header-below-stick-meta":"","astra-migrate-meta-layouts":"set","ast-page-background-enabled":"default","ast-page-background-meta":{"desktop":{"background-color":"var(--ast-global-color-4)","background-image":"","background-repeat":"repeat","background-position":"center center","background-size":"auto","background-attachment":"scroll","background-type":"","background-media":"","overlay-type":"","overlay-color":"","overlay-opacity":"","overlay-gradient":""},"tablet":{"background-color":"","background-image":"","background-repeat":"repeat","background-position":"center center","background-size":"auto","background-attachment":"scroll","background-type":"","background-media":"","overlay-type":"","overlay-color":"","overlay-opacity":"","overlay-gradient":""},"mobile":{"background-color":"","background-image":"","background-repeat":"repeat","background-position":"center center","background-size":"auto","background-attachment":"scroll","background-type":"","background-media":"","overlay-type":"","overlay-color":"","overlay-opacity":"","overlay-gradient":""}},"ast-content-background-meta":{"desktop":{"background-color":"var(--ast-global-color-5)","background-image":"","background-repeat":"repeat","background-position":"center center","background-size":"auto","background-attachment":"scroll","background-type":"","background-media":"","overlay-type":"","overlay-color":"","overlay-opacity":"","overlay-gradient":""},"tablet":{"background-color":"var(--ast-global-color-5)","background-image":"","background-repeat":"repeat","background-position":"center center","background-size":"auto","background-attachment":"scroll","background-type":"","background-media":"","overlay-type":"","overlay-color":"","overlay-opacity":"","overlay-gradient":""},"mobile":{"background-color":"var(--ast-global-color-5)","background-image":"","background-repeat":"repeat","background-position":"center center","background-size":"auto","background-attachment":"scroll","background-type":"","background-media":"","overlay-type":"","overlay-color":"","overlay-opacity":"","overlay-gradient":""}},"footnotes":"[]"},"class_list":["post-1774","page","type-page","status-publish","hentry"],"yoast_head":"<!-- This site is optimized with the Yoast SEO plugin v27.3 - https:\/\/yoast.com\/product\/yoast-seo-wordpress\/ -->\n<title>ANSIKTSRENS MED ULTRALYD - Valery Hudklinikk<\/title>\n<meta name=\"robots\" content=\"index, follow, max-snippet:-1, max-image-preview:large, max-video-preview:-1\" \/>\n<link rel=\"canonical\" href=\"https:\/\/valery.no\/en\/ansiktsrens-med-ultralyd\/\" \/>\n<meta property=\"og:locale\" content=\"en_GB\" \/>\n<meta property=\"og:type\" content=\"article\" \/>\n<meta property=\"og:title\" content=\"ANSIKTSRENS MED ULTRALYD - Valery Hudklinikk\" \/>\n<meta property=\"og:description\" content=\"ULTRALYD (ANSIKTSRENS) Ansiktsrens med ultralyd er en sk\u00e5nsom og effektiv behandlingsmetode som tilf\u00f8rer huden fuktighet. Hver behandling f\u00f8les forfriskende og [&hellip;]\" \/>\n<meta property=\"og:url\" content=\"https:\/\/valery.no\/en\/ansiktsrens-med-ultralyd\/\" \/>\n<meta property=\"og:site_name\" content=\"Valery Hudklinikk\" \/>\n<meta property=\"article:modified_time\" content=\"2024-04-04T08:01:13+00:00\" \/>\n<meta property=\"og:image\" content=\"https:\/\/valery.no\/wp-content\/uploads\/2024\/02\/IMG_0659-1024x575.jpg\" \/>\n<meta name=\"twitter:card\" content=\"summary_large_image\" \/>\n<meta name=\"twitter:label1\" content=\"Estimated reading time\" \/>\n\t<meta name=\"twitter:data1\" content=\"1 minute\" \/>\n<script type=\"application\/ld+json\" class=\"yoast-schema-graph\">{\"@context\":\"https:\\\/\\\/schema.org\",\"@graph\":[{\"@type\":\"WebPage\",\"@id\":\"https:\\\/\\\/valery.no\\\/ansiktsrens-med-ultralyd\\\/\",\"url\":\"https:\\\/\\\/valery.no\\\/ansiktsrens-med-ultralyd\\\/\",\"name\":\"ANSIKTSRENS MED ULTRALYD - Valery Hudklinikk\",\"isPartOf\":{\"@id\":\"https:\\\/\\\/valery.no\\\/#website\"},\"primaryImageOfPage\":{\"@id\":\"https:\\\/\\\/valery.no\\\/ansiktsrens-med-ultralyd\\\/#primaryimage\"},\"image\":{\"@id\":\"https:\\\/\\\/valery.no\\\/ansiktsrens-med-ultralyd\\\/#primaryimage\"},\"thumbnailUrl\":\"https:\\\/\\\/valery.no\\\/wp-content\\\/uploads\\\/2024\\\/02\\\/IMG_0659-1024x575.jpg\",\"datePublished\":\"2024-03-11T16:02:03+00:00\",\"dateModified\":\"2024-04-04T08:01:13+00:00\",\"breadcrumb\":{\"@id\":\"https:\\\/\\\/valery.no\\\/ansiktsrens-med-ultralyd\\\/#breadcrumb\"},\"inLanguage\":\"en-GB\",\"potentialAction\":[{\"@type\":\"ReadAction\",\"target\":[\"https:\\\/\\\/valery.no\\\/ansiktsrens-med-ultralyd\\\/\"]}]},{\"@type\":\"ImageObject\",\"inLanguage\":\"en-GB\",\"@id\":\"https:\\\/\\\/valery.no\\\/ansiktsrens-med-ultralyd\\\/#primaryimage\",\"url\":\"https:\\\/\\\/valery.no\\\/wp-content\\\/uploads\\\/2024\\\/02\\\/IMG_0659-1024x575.jpg\",\"contentUrl\":\"https:\\\/\\\/valery.no\\\/wp-content\\\/uploads\\\/2024\\\/02\\\/IMG_0659-1024x575.jpg\"},{\"@type\":\"BreadcrumbList\",\"@id\":\"https:\\\/\\\/valery.no\\\/ansiktsrens-med-ultralyd\\\/#breadcrumb\",\"itemListElement\":[{\"@type\":\"ListItem\",\"position\":1,\"name\":\"Home\",\"item\":\"https:\\\/\\\/valery.no\\\/\"},{\"@type\":\"ListItem\",\"position\":2,\"name\":\"ANSIKTSRENS MED ULTRALYD\"}]},{\"@type\":\"WebSite\",\"@id\":\"https:\\\/\\\/valery.no\\\/#website\",\"url\":\"https:\\\/\\\/valery.no\\\/\",\"name\":\"Valery Salong\",\"description\":\"VELKOMMEN\",\"publisher\":{\"@id\":\"https:\\\/\\\/valery.no\\\/#organization\"},\"alternateName\":\"Valery Salong\",\"potentialAction\":[{\"@type\":\"SearchAction\",\"target\":{\"@type\":\"EntryPoint\",\"urlTemplate\":\"https:\\\/\\\/valery.no\\\/?s={search_term_string}\"},\"query-input\":{\"@type\":\"PropertyValueSpecification\",\"valueRequired\":true,\"valueName\":\"search_term_string\"}}],\"inLanguage\":\"en-GB\"},{\"@type\":\"Organization\",\"@id\":\"https:\\\/\\\/valery.no\\\/#organization\",\"name\":\"Valery Salong\",\"url\":\"https:\\\/\\\/valery.no\\\/\",\"logo\":{\"@type\":\"ImageObject\",\"inLanguage\":\"en-GB\",\"@id\":\"https:\\\/\\\/valery.no\\\/#\\\/schema\\\/logo\\\/image\\\/\",\"url\":\"https:\\\/\\\/valery.no\\\/wp-content\\\/uploads\\\/2025\\\/09\\\/cropped-E595FE54-4368-49C2-9478-6ABE2D461FA5-edited.png\",\"contentUrl\":\"https:\\\/\\\/valery.no\\\/wp-content\\\/uploads\\\/2025\\\/09\\\/cropped-E595FE54-4368-49C2-9478-6ABE2D461FA5-edited.png\",\"width\":1023,\"height\":768,\"caption\":\"Valery Salong\"},\"image\":{\"@id\":\"https:\\\/\\\/valery.no\\\/#\\\/schema\\\/logo\\\/image\\\/\"}}]}<\/script>\n<!-- \/ Yoast SEO plugin. -->","yoast_head_json":{"title":"ANSIKTSRENS MED ULTRALYD - Valery Hudklinikk","robots":{"index":"index","follow":"follow","max-snippet":"max-snippet:-1","max-image-preview":"max-image-preview:large","max-video-preview":"max-video-preview:-1"},"canonical":"https:\/\/valery.no\/en\/ansiktsrens-med-ultralyd\/","og_locale":"en_GB","og_type":"article","og_title":"ANSIKTSRENS MED ULTRALYD - Valery Hudklinikk","og_description":"ULTRALYD (ANSIKTSRENS) Ansiktsrens med ultralyd er en sk\u00e5nsom og effektiv behandlingsmetode som tilf\u00f8rer huden fuktighet. Hver behandling f\u00f8les forfriskende og [&hellip;]","og_url":"https:\/\/valery.no\/en\/ansiktsrens-med-ultralyd\/","og_site_name":"Valery Hudklinikk","article_modified_time":"2024-04-04T08:01:13+00:00","og_image":[{"url":"https:\/\/valery.no\/wp-content\/uploads\/2024\/02\/IMG_0659-1024x575.jpg","type":"","width":"","height":""}],"twitter_card":"summary_large_image","twitter_misc":{"Estimated reading time":"1 minute"},"schema":{"@context":"https:\/\/schema.org","@graph":[{"@type":"WebPage","@id":"https:\/\/valery.no\/ansiktsrens-med-ultralyd\/","url":"https:\/\/valery.no\/ansiktsrens-med-ultralyd\/","name":"ANSIKTSRENS MED ULTRALYD - Valery Hudklinikk","isPartOf":{"@id":"https:\/\/valery.no\/#website"},"primaryImageOfPage":{"@id":"https:\/\/valery.no\/ansiktsrens-med-ultralyd\/#primaryimage"},"image":{"@id":"https:\/\/valery.no\/ansiktsrens-med-ultralyd\/#primaryimage"},"thumbnailUrl":"https:\/\/valery.no\/wp-content\/uploads\/2024\/02\/IMG_0659-1024x575.jpg","datePublished":"2024-03-11T16:02:03+00:00","dateModified":"2024-04-04T08:01:13+00:00","breadcrumb":{"@id":"https:\/\/valery.no\/ansiktsrens-med-ultralyd\/#breadcrumb"},"inLanguage":"en-GB","potentialAction":[{"@type":"ReadAction","target":["https:\/\/valery.no\/ansiktsrens-med-ultralyd\/"]}]},{"@type":"ImageObject","inLanguage":"en-GB","@id":"https:\/\/valery.no\/ansiktsrens-med-ultralyd\/#primaryimage","url":"https:\/\/valery.no\/wp-content\/uploads\/2024\/02\/IMG_0659-1024x575.jpg","contentUrl":"https:\/\/valery.no\/wp-content\/uploads\/2024\/02\/IMG_0659-1024x575.jpg"},{"@type":"BreadcrumbList","@id":"https:\/\/valery.no\/ansiktsrens-med-ultralyd\/#breadcrumb","itemListElement":[{"@type":"ListItem","position":1,"name":"Home","item":"https:\/\/valery.no\/"},{"@type":"ListItem","position":2,"name":"ANSIKTSRENS MED ULTRALYD"}]},{"@type":"WebSite","@id":"https:\/\/valery.no\/#website","url":"https:\/\/valery.no\/","name":"Valery Salong","description":"WELCOME","publisher":{"@id":"https:\/\/valery.no\/#organization"},"alternateName":"Valery Salong","potentialAction":[{"@type":"SearchAction","target":{"@type":"EntryPoint","urlTemplate":"https:\/\/valery.no\/?s={search_term_string}"},"query-input":{"@type":"PropertyValueSpecification","valueRequired":true,"valueName":"search_term_string"}}],"inLanguage":"en-GB"},{"@type":"Organization","@id":"https:\/\/valery.no\/#organization","name":"Valery Salong","url":"https:\/\/valery.no\/","logo":{"@type":"ImageObject","inLanguage":"en-GB","@id":"https:\/\/valery.no\/#\/schema\/logo\/image\/","url":"https:\/\/valery.no\/wp-content\/uploads\/2025\/09\/cropped-E595FE54-4368-49C2-9478-6ABE2D461FA5-edited.png","contentUrl":"https:\/\/valery.no\/wp-content\/uploads\/2025\/09\/cropped-E595FE54-4368-49C2-9478-6ABE2D461FA5-edited.png","width":1023,"height":768,"caption":"Valery Salong"},"image":{"@id":"https:\/\/valery.no\/#\/schema\/logo\/image\/"}}]}},"_links":{"self":[{"href":"https:\/\/valery.no\/en\/wp-json\/wp\/v2\/pages\/1774","targetHints":{"allow":["GET"]}}],"collection":[{"href":"https:\/\/valery.no\/en\/wp-json\/wp\/v2\/pages"}],"about":[{"href":"https:\/\/valery.no\/en\/wp-json\/wp\/v2\/types\/page"}],"author":[{"embeddable":true,"href":"https:\/\/valery.no\/en\/wp-json\/wp\/v2\/users\/1"}],"replies":[{"embeddable":true,"href":"https:\/\/valery.no\/en\/wp-json\/wp\/v2\/comments?post=1774"}],"version-history":[{"count":19,"href":"https:\/\/valery.no\/en\/wp-json\/wp\/v2\/pages\/1774\/revisions"}],"predecessor-version":[{"id":2897,"href":"https:\/\/valery.no\/en\/wp-json\/wp\/v2\/pages\/1774\/revisions\/2897"}],"wp:attachment":[{"href":"https:\/\/valery.no\/en\/wp-json\/wp\/v2\/media?parent=1774"}],"curies":[{"name":"wp","href":"https:\/\/api.w.org\/{rel}","templated":true}]}}