{"id":1741,"date":"2024-03-11T15:57:54","date_gmt":"2024-03-11T15:57:54","guid":{"rendered":"https:\/\/valery.no\/?page_id=1741"},"modified":"2024-04-02T16:44:18","modified_gmt":"2024-04-02T16:44:18","slug":"hodebunnmassasje","status":"publish","type":"page","link":"https:\/\/valery.no\/en\/hodebunnmassasje\/","title":{"rendered":"SCALP MASSAGE"},"content":{"rendered":"<p><\/p>\n\n\n\n<h1 class=\"wp-block-heading has-text-align-center\">SCALP MASSAGE<\/h1>\n\n\n\n<div class=\"wp-block-columns is-layout-flex wp-container-core-columns-is-layout-28f84493 wp-block-columns-is-layout-flex\">\n<div class=\"wp-block-column is-vertically-aligned-center is-layout-flow wp-block-column-is-layout-flow\">\n<p class=\"has-medium-font-size\"><br>Experience a wonderfully relaxing and comfortable treatment with our scalp massage! <span style=\"font-size: 20px; background-color: var(--ast-global-color-5);\">Hodebunnsmassasje benyttes f\u00f8rst og fremst for \u00e5 gi den som masseres en utrolig avslappende, behagelig og avspennende behandling. Selv om dette anses som en av de aller mest behagelige massasjetypene du kan motta, kan terapien derimot ogs\u00e5 ha effekter ut over ren nytelse. <\/span><\/p>\n\n\n\n<p class=\"has-medium-font-size\"><span style=\"font-size: 20px; background-color: var(--ast-global-color-5);\">Muscles in the neck and scalp are among the first muscle groups to tense as a result of stress and worries in everyday life. Muscle tension in the head and neck can in itself cause common complaints such as: headache migraine pain behind the eyes dizziness nausea sleep difficulties impaired concentration.<\/span><\/p>\n<\/div>\n\n\n\n<div class=\"wp-block-column is-layout-flow wp-block-column-is-layout-flow\">\n<figure class=\"wp-block-image size-large has-custom-border\"><img loading=\"lazy\" decoding=\"async\" width=\"1024\" height=\"575\" src=\"https:\/\/valery.no\/wp-content\/uploads\/2024\/02\/IMG_0724-1024x575.jpg\" alt=\"\" class=\"wp-image-2031\" style=\"border-radius:100px\" srcset=\"https:\/\/valery.no\/wp-content\/uploads\/2024\/02\/IMG_0724-1024x575.jpg 1024w, https:\/\/valery.no\/wp-content\/uploads\/2024\/02\/IMG_0724-300x168.jpg 300w, https:\/\/valery.no\/wp-content\/uploads\/2024\/02\/IMG_0724-768x431.jpg 768w, https:\/\/valery.no\/wp-content\/uploads\/2024\/02\/IMG_0724-1536x862.jpg 1536w, https:\/\/valery.no\/wp-content\/uploads\/2024\/02\/IMG_0724-2048x1150.jpg 2048w\" sizes=\"auto, (max-width: 1024px) 100vw, 1024px\" \/><\/figure>\n<\/div>\n<\/div>\n\n\n\n<div class=\"wp-block-buttons is-content-justification-center is-layout-flex wp-container-core-buttons-is-layout-a89b3969 wp-block-buttons-is-layout-flex\">\n<div class=\"wp-block-button has-custom-font-size is-style-fill has-medium-font-size\"><a class=\"wp-block-button__link has-ast-global-color-2-color has-ast-global-color-1-background-color has-text-color has-background has-link-color wp-element-button\" href=\"https:\/\/bestill.timma.no\/valerysalong?fbclid=IwAR31eqga_fEPx8pyc8oUzHKNKD7syJ29EuQ3wh1QUp2KEA3Ig6vJe1ObRaU\" style=\"padding-top:var(--wp--preset--spacing--30);padding-bottom:var(--wp--preset--spacing--30)\" target=\"_blank\" rel=\"noreferrer noopener\"><em><strong>MAKE AN APPOINTMENT<\/strong><\/em><\/a><\/div>\n<\/div>\n\n\n\n<div style=\"height:100px\" aria-hidden=\"true\" class=\"wp-block-spacer\"><\/div>","protected":false},"excerpt":{"rendered":"<p>HODEBUNNMASSASJE Opplev en fantastisk avslappende og behagelig behandling med v\u00e5r hodebunnsmassasje! Hodebunnsmassasje benyttes f\u00f8rst og fremst for \u00e5 gi den [&hellip;]<\/p>\n","protected":false},"author":1,"featured_media":0,"parent":0,"menu_order":0,"comment_status":"closed","ping_status":"closed","template":"","meta":{"site-sidebar-layout":"no-sidebar","site-content-layout":"page-builder","ast-site-content-layout":"full-width-container","site-content-style":"default","site-sidebar-style":"default","ast-global-header-display":"","ast-banner-title-visibility":"","ast-main-header-display":"","ast-hfb-above-header-display":"","ast-hfb-below-header-display":"","ast-hfb-mobile-header-display":"","site-post-title":"disabled","ast-breadcrumbs-content":"","ast-featured-img":"disabled","footer-sml-layout":"","ast-disable-related-posts":"","theme-transparent-header-meta":"","adv-header-id-meta":"","stick-header-meta":"","header-above-stick-meta":"","header-main-stick-meta":"","header-below-stick-meta":"","astra-migrate-meta-layouts":"set","ast-page-background-enabled":"default","ast-page-background-meta":{"desktop":{"background-color":"var(--ast-global-color-4)","background-image":"","background-repeat":"repeat","background-position":"center center","background-size":"auto","background-attachment":"scroll","background-type":"","background-media":"","overlay-type":"","overlay-color":"","overlay-opacity":"","overlay-gradient":""},"tablet":{"background-color":"","background-image":"","background-repeat":"repeat","background-position":"center center","background-size":"auto","background-attachment":"scroll","background-type":"","background-media":"","overlay-type":"","overlay-color":"","overlay-opacity":"","overlay-gradient":""},"mobile":{"background-color":"","background-image":"","background-repeat":"repeat","background-position":"center center","background-size":"auto","background-attachment":"scroll","background-type":"","background-media":"","overlay-type":"","overlay-color":"","overlay-opacity":"","overlay-gradient":""}},"ast-content-background-meta":{"desktop":{"background-color":"var(--ast-global-color-5)","background-image":"","background-repeat":"repeat","background-position":"center center","background-size":"auto","background-attachment":"scroll","background-type":"","background-media":"","overlay-type":"","overlay-color":"","overlay-opacity":"","overlay-gradient":""},"tablet":{"background-color":"var(--ast-global-color-5)","background-image":"","background-repeat":"repeat","background-position":"center center","background-size":"auto","background-attachment":"scroll","background-type":"","background-media":"","overlay-type":"","overlay-color":"","overlay-opacity":"","overlay-gradient":""},"mobile":{"background-color":"var(--ast-global-color-5)","background-image":"","background-repeat":"repeat","background-position":"center center","background-size":"auto","background-attachment":"scroll","background-type":"","background-media":"","overlay-type":"","overlay-color":"","overlay-opacity":"","overlay-gradient":""}},"footnotes":""},"class_list":["post-1741","page","type-page","status-publish","hentry"],"yoast_head":"<!-- This site is optimized with the Yoast SEO plugin v27.3 - https:\/\/yoast.com\/product\/yoast-seo-wordpress\/ -->\n<title>HODEBUNNMASSASJE - Valery Hudklinikk<\/title>\n<meta name=\"robots\" content=\"index, follow, max-snippet:-1, max-image-preview:large, max-video-preview:-1\" \/>\n<link rel=\"canonical\" href=\"https:\/\/valery.no\/en\/hodebunnmassasje\/\" \/>\n<meta property=\"og:locale\" content=\"en_GB\" \/>\n<meta property=\"og:type\" content=\"article\" \/>\n<meta property=\"og:title\" content=\"HODEBUNNMASSASJE - Valery Hudklinikk\" \/>\n<meta property=\"og:description\" content=\"HODEBUNNMASSASJE Opplev en fantastisk avslappende og behagelig behandling med v\u00e5r hodebunnsmassasje! Hodebunnsmassasje benyttes f\u00f8rst og fremst for \u00e5 gi den [&hellip;]\" \/>\n<meta property=\"og:url\" content=\"https:\/\/valery.no\/en\/hodebunnmassasje\/\" \/>\n<meta property=\"og:site_name\" content=\"Valery Hudklinikk\" \/>\n<meta property=\"article:modified_time\" content=\"2024-04-02T16:44:18+00:00\" \/>\n<meta property=\"og:image\" content=\"https:\/\/valery.no\/wp-content\/uploads\/2024\/02\/IMG_0724-1024x575.jpg\" \/>\n<meta name=\"twitter:card\" content=\"summary_large_image\" \/>\n<meta name=\"twitter:label1\" content=\"Estimated reading time\" \/>\n\t<meta name=\"twitter:data1\" content=\"1 minute\" \/>\n<script type=\"application\/ld+json\" class=\"yoast-schema-graph\">{\"@context\":\"https:\\\/\\\/schema.org\",\"@graph\":[{\"@type\":\"WebPage\",\"@id\":\"https:\\\/\\\/valery.no\\\/hodebunnmassasje\\\/\",\"url\":\"https:\\\/\\\/valery.no\\\/hodebunnmassasje\\\/\",\"name\":\"HODEBUNNMASSASJE - Valery Hudklinikk\",\"isPartOf\":{\"@id\":\"https:\\\/\\\/valery.no\\\/#website\"},\"primaryImageOfPage\":{\"@id\":\"https:\\\/\\\/valery.no\\\/hodebunnmassasje\\\/#primaryimage\"},\"image\":{\"@id\":\"https:\\\/\\\/valery.no\\\/hodebunnmassasje\\\/#primaryimage\"},\"thumbnailUrl\":\"https:\\\/\\\/valery.no\\\/wp-content\\\/uploads\\\/2024\\\/02\\\/IMG_0724-1024x575.jpg\",\"datePublished\":\"2024-03-11T15:57:54+00:00\",\"dateModified\":\"2024-04-02T16:44:18+00:00\",\"breadcrumb\":{\"@id\":\"https:\\\/\\\/valery.no\\\/hodebunnmassasje\\\/#breadcrumb\"},\"inLanguage\":\"en-GB\",\"potentialAction\":[{\"@type\":\"ReadAction\",\"target\":[\"https:\\\/\\\/valery.no\\\/hodebunnmassasje\\\/\"]}]},{\"@type\":\"ImageObject\",\"inLanguage\":\"en-GB\",\"@id\":\"https:\\\/\\\/valery.no\\\/hodebunnmassasje\\\/#primaryimage\",\"url\":\"https:\\\/\\\/valery.no\\\/wp-content\\\/uploads\\\/2024\\\/02\\\/IMG_0724-1024x575.jpg\",\"contentUrl\":\"https:\\\/\\\/valery.no\\\/wp-content\\\/uploads\\\/2024\\\/02\\\/IMG_0724-1024x575.jpg\"},{\"@type\":\"BreadcrumbList\",\"@id\":\"https:\\\/\\\/valery.no\\\/hodebunnmassasje\\\/#breadcrumb\",\"itemListElement\":[{\"@type\":\"ListItem\",\"position\":1,\"name\":\"Home\",\"item\":\"https:\\\/\\\/valery.no\\\/\"},{\"@type\":\"ListItem\",\"position\":2,\"name\":\"HODEBUNNMASSASJE\"}]},{\"@type\":\"WebSite\",\"@id\":\"https:\\\/\\\/valery.no\\\/#website\",\"url\":\"https:\\\/\\\/valery.no\\\/\",\"name\":\"Valery Salong\",\"description\":\"VELKOMMEN\",\"publisher\":{\"@id\":\"https:\\\/\\\/valery.no\\\/#organization\"},\"alternateName\":\"Valery Salong\",\"potentialAction\":[{\"@type\":\"SearchAction\",\"target\":{\"@type\":\"EntryPoint\",\"urlTemplate\":\"https:\\\/\\\/valery.no\\\/?s={search_term_string}\"},\"query-input\":{\"@type\":\"PropertyValueSpecification\",\"valueRequired\":true,\"valueName\":\"search_term_string\"}}],\"inLanguage\":\"en-GB\"},{\"@type\":\"Organization\",\"@id\":\"https:\\\/\\\/valery.no\\\/#organization\",\"name\":\"Valery Salong\",\"url\":\"https:\\\/\\\/valery.no\\\/\",\"logo\":{\"@type\":\"ImageObject\",\"inLanguage\":\"en-GB\",\"@id\":\"https:\\\/\\\/valery.no\\\/#\\\/schema\\\/logo\\\/image\\\/\",\"url\":\"https:\\\/\\\/valery.no\\\/wp-content\\\/uploads\\\/2025\\\/09\\\/cropped-E595FE54-4368-49C2-9478-6ABE2D461FA5-edited.png\",\"contentUrl\":\"https:\\\/\\\/valery.no\\\/wp-content\\\/uploads\\\/2025\\\/09\\\/cropped-E595FE54-4368-49C2-9478-6ABE2D461FA5-edited.png\",\"width\":1023,\"height\":768,\"caption\":\"Valery Salong\"},\"image\":{\"@id\":\"https:\\\/\\\/valery.no\\\/#\\\/schema\\\/logo\\\/image\\\/\"}}]}<\/script>\n<!-- \/ Yoast SEO plugin. -->","yoast_head_json":{"title":"HODEBUNNMASSASJE - Valery Hudklinikk","robots":{"index":"index","follow":"follow","max-snippet":"max-snippet:-1","max-image-preview":"max-image-preview:large","max-video-preview":"max-video-preview:-1"},"canonical":"https:\/\/valery.no\/en\/hodebunnmassasje\/","og_locale":"en_GB","og_type":"article","og_title":"HODEBUNNMASSASJE - Valery Hudklinikk","og_description":"HODEBUNNMASSASJE Opplev en fantastisk avslappende og behagelig behandling med v\u00e5r hodebunnsmassasje! Hodebunnsmassasje benyttes f\u00f8rst og fremst for \u00e5 gi den [&hellip;]","og_url":"https:\/\/valery.no\/en\/hodebunnmassasje\/","og_site_name":"Valery Hudklinikk","article_modified_time":"2024-04-02T16:44:18+00:00","og_image":[{"url":"https:\/\/valery.no\/wp-content\/uploads\/2024\/02\/IMG_0724-1024x575.jpg","type":"","width":"","height":""}],"twitter_card":"summary_large_image","twitter_misc":{"Estimated reading time":"1 minute"},"schema":{"@context":"https:\/\/schema.org","@graph":[{"@type":"WebPage","@id":"https:\/\/valery.no\/hodebunnmassasje\/","url":"https:\/\/valery.no\/hodebunnmassasje\/","name":"HODEBUNNMASSASJE - Valery Hudklinikk","isPartOf":{"@id":"https:\/\/valery.no\/#website"},"primaryImageOfPage":{"@id":"https:\/\/valery.no\/hodebunnmassasje\/#primaryimage"},"image":{"@id":"https:\/\/valery.no\/hodebunnmassasje\/#primaryimage"},"thumbnailUrl":"https:\/\/valery.no\/wp-content\/uploads\/2024\/02\/IMG_0724-1024x575.jpg","datePublished":"2024-03-11T15:57:54+00:00","dateModified":"2024-04-02T16:44:18+00:00","breadcrumb":{"@id":"https:\/\/valery.no\/hodebunnmassasje\/#breadcrumb"},"inLanguage":"en-GB","potentialAction":[{"@type":"ReadAction","target":["https:\/\/valery.no\/hodebunnmassasje\/"]}]},{"@type":"ImageObject","inLanguage":"en-GB","@id":"https:\/\/valery.no\/hodebunnmassasje\/#primaryimage","url":"https:\/\/valery.no\/wp-content\/uploads\/2024\/02\/IMG_0724-1024x575.jpg","contentUrl":"https:\/\/valery.no\/wp-content\/uploads\/2024\/02\/IMG_0724-1024x575.jpg"},{"@type":"BreadcrumbList","@id":"https:\/\/valery.no\/hodebunnmassasje\/#breadcrumb","itemListElement":[{"@type":"ListItem","position":1,"name":"Home","item":"https:\/\/valery.no\/"},{"@type":"ListItem","position":2,"name":"HODEBUNNMASSASJE"}]},{"@type":"WebSite","@id":"https:\/\/valery.no\/#website","url":"https:\/\/valery.no\/","name":"Valery Salong","description":"WELCOME","publisher":{"@id":"https:\/\/valery.no\/#organization"},"alternateName":"Valery Salong","potentialAction":[{"@type":"SearchAction","target":{"@type":"EntryPoint","urlTemplate":"https:\/\/valery.no\/?s={search_term_string}"},"query-input":{"@type":"PropertyValueSpecification","valueRequired":true,"valueName":"search_term_string"}}],"inLanguage":"en-GB"},{"@type":"Organization","@id":"https:\/\/valery.no\/#organization","name":"Valery Salong","url":"https:\/\/valery.no\/","logo":{"@type":"ImageObject","inLanguage":"en-GB","@id":"https:\/\/valery.no\/#\/schema\/logo\/image\/","url":"https:\/\/valery.no\/wp-content\/uploads\/2025\/09\/cropped-E595FE54-4368-49C2-9478-6ABE2D461FA5-edited.png","contentUrl":"https:\/\/valery.no\/wp-content\/uploads\/2025\/09\/cropped-E595FE54-4368-49C2-9478-6ABE2D461FA5-edited.png","width":1023,"height":768,"caption":"Valery Salong"},"image":{"@id":"https:\/\/valery.no\/#\/schema\/logo\/image\/"}}]}},"_links":{"self":[{"href":"https:\/\/valery.no\/en\/wp-json\/wp\/v2\/pages\/1741","targetHints":{"allow":["GET"]}}],"collection":[{"href":"https:\/\/valery.no\/en\/wp-json\/wp\/v2\/pages"}],"about":[{"href":"https:\/\/valery.no\/en\/wp-json\/wp\/v2\/types\/page"}],"author":[{"embeddable":true,"href":"https:\/\/valery.no\/en\/wp-json\/wp\/v2\/users\/1"}],"replies":[{"embeddable":true,"href":"https:\/\/valery.no\/en\/wp-json\/wp\/v2\/comments?post=1741"}],"version-history":[{"count":8,"href":"https:\/\/valery.no\/en\/wp-json\/wp\/v2\/pages\/1741\/revisions"}],"predecessor-version":[{"id":2743,"href":"https:\/\/valery.no\/en\/wp-json\/wp\/v2\/pages\/1741\/revisions\/2743"}],"wp:attachment":[{"href":"https:\/\/valery.no\/en\/wp-json\/wp\/v2\/media?parent=1741"}],"curies":[{"name":"wp","href":"https:\/\/api.w.org\/{rel}","templated":true}]}}