{"id":1730,"date":"2024-03-11T15:58:25","date_gmt":"2024-03-11T15:58:25","guid":{"rendered":"https:\/\/valery.no\/?page_id=1730"},"modified":"2025-03-06T13:09:10","modified_gmt":"2025-03-06T13:09:10","slug":"rygg-skulder-nakkemassasje-arm-og-handmassasje","status":"publish","type":"page","link":"https:\/\/valery.no\/en\/rygg-skulder-nakkemassasje-arm-og-handmassasje\/","title":{"rendered":"RYGG, SKULDER,  NAKKEMASSASJE"},"content":{"rendered":"<h1 class=\"wp-block-heading has-text-align-center\">Neck and shoulder massage 30 min<\/h1>\n\n\n\n<div class=\"wp-block-columns is-layout-flex wp-container-core-columns-is-layout-28f84493 wp-block-columns-is-layout-flex\">\n<div class=\"wp-block-column is-vertically-aligned-center is-layout-flow wp-block-column-is-layout-flow\">\n<p style=\"font-size:20px\">Experience a holistic feeling of well-being with our back, shoulder, neck and arm hand massage, which not only improves circulation but also reduces stress in the muscles.<\/p>\n\n\n\n<p style=\"font-size:20px\">This treatment is especially recommended for those who spend all day sitting in front of a desk. It's a painless solution to relieve tension and reduce stress hormones, and it will give you the long-awaited relief you need.<\/p>\n\n\n\n<p style=\"font-size:20px\">Our comfortable hand massage helps to increase blood circulation and reduce tension, so that the hands feel relaxed and stay in shape. This is ideal for those who spend a lot of time in front of the computer or who perform tasks that require a lot of use of their hands during the working day.<\/p>\n<\/div>\n\n\n\n<div class=\"wp-block-column is-layout-flow wp-block-column-is-layout-flow\">\n<figure class=\"wp-block-image size-large is-resized has-custom-border\"><img loading=\"lazy\" decoding=\"async\" width=\"1024\" height=\"755\" src=\"https:\/\/valery.no\/wp-content\/uploads\/2024\/03\/IMG_1580-1024x755.jpg\" alt=\"\" class=\"wp-image-2162\" style=\"border-radius:100px;width:812px;height:auto\" srcset=\"https:\/\/valery.no\/wp-content\/uploads\/2024\/03\/IMG_1580-1024x755.jpg 1024w, https:\/\/valery.no\/wp-content\/uploads\/2024\/03\/IMG_1580-300x221.jpg 300w, https:\/\/valery.no\/wp-content\/uploads\/2024\/03\/IMG_1580-768x566.jpg 768w, https:\/\/valery.no\/wp-content\/uploads\/2024\/03\/IMG_1580-1536x1133.jpg 1536w, https:\/\/valery.no\/wp-content\/uploads\/2024\/03\/IMG_1580-2048x1510.jpg 2048w, https:\/\/valery.no\/wp-content\/uploads\/2024\/03\/IMG_1580-16x12.jpg 16w\" sizes=\"auto, (max-width: 1024px) 100vw, 1024px\" \/><\/figure>\n<\/div>\n<\/div>\n\n\n\n<div class=\"wp-block-buttons is-content-justification-center is-layout-flex wp-container-core-buttons-is-layout-a89b3969 wp-block-buttons-is-layout-flex\">\n<div class=\"wp-block-button has-custom-font-size is-style-fill has-medium-font-size\"><a class=\"wp-block-button__link has-ast-global-color-2-color has-ast-global-color-1-background-color has-text-color has-background has-link-color wp-element-button\" href=\"https:\/\/bestill.timma.no\/valerysalong?fbclid=IwAR31eqga_fEPx8pyc8oUzHKNKD7syJ29EuQ3wh1QUp2KEA3Ig6vJe1ObRaU\" style=\"padding-top:var(--wp--preset--spacing--30);padding-bottom:var(--wp--preset--spacing--30)\" target=\"_blank\" rel=\"noreferrer noopener\"><em><strong>MAKE AN APPOINTMENT<\/strong><\/em><\/a><\/div>\n<\/div>\n\n\n\n<div style=\"height:100px\" aria-hidden=\"true\" class=\"wp-block-spacer\"><\/div>","protected":false},"excerpt":{"rendered":"<p>Nakke- og skuldermassasje 30min Opplev en helhetlig f\u00f8lelse av velv\u00e6re med v\u00e5r rygg-, skulder-, nakke- og armh\u00e5ndmassasje, som ikke bare [&hellip;]<\/p>\n","protected":false},"author":1,"featured_media":0,"parent":0,"menu_order":0,"comment_status":"closed","ping_status":"closed","template":"","meta":{"site-sidebar-layout":"no-sidebar","site-content-layout":"page-builder","ast-site-content-layout":"full-width-container","site-content-style":"default","site-sidebar-style":"default","ast-global-header-display":"","ast-banner-title-visibility":"","ast-main-header-display":"","ast-hfb-above-header-display":"","ast-hfb-below-header-display":"","ast-hfb-mobile-header-display":"","site-post-title":"disabled","ast-breadcrumbs-content":"","ast-featured-img":"disabled","footer-sml-layout":"","ast-disable-related-posts":"","theme-transparent-header-meta":"","adv-header-id-meta":"","stick-header-meta":"","header-above-stick-meta":"","header-main-stick-meta":"","header-below-stick-meta":"","astra-migrate-meta-layouts":"set","ast-page-background-enabled":"default","ast-page-background-meta":{"desktop":{"background-color":"var(--ast-global-color-4)","background-image":"","background-repeat":"repeat","background-position":"center center","background-size":"auto","background-attachment":"scroll","background-type":"","background-media":"","overlay-type":"","overlay-color":"","overlay-opacity":"","overlay-gradient":""},"tablet":{"background-color":"","background-image":"","background-repeat":"repeat","background-position":"center center","background-size":"auto","background-attachment":"scroll","background-type":"","background-media":"","overlay-type":"","overlay-color":"","overlay-opacity":"","overlay-gradient":""},"mobile":{"background-color":"","background-image":"","background-repeat":"repeat","background-position":"center center","background-size":"auto","background-attachment":"scroll","background-type":"","background-media":"","overlay-type":"","overlay-color":"","overlay-opacity":"","overlay-gradient":""}},"ast-content-background-meta":{"desktop":{"background-color":"var(--ast-global-color-5)","background-image":"","background-repeat":"repeat","background-position":"center center","background-size":"auto","background-attachment":"scroll","background-type":"","background-media":"","overlay-type":"","overlay-color":"","overlay-opacity":"","overlay-gradient":""},"tablet":{"background-color":"var(--ast-global-color-5)","background-image":"","background-repeat":"repeat","background-position":"center center","background-size":"auto","background-attachment":"scroll","background-type":"","background-media":"","overlay-type":"","overlay-color":"","overlay-opacity":"","overlay-gradient":""},"mobile":{"background-color":"var(--ast-global-color-5)","background-image":"","background-repeat":"repeat","background-position":"center center","background-size":"auto","background-attachment":"scroll","background-type":"","background-media":"","overlay-type":"","overlay-color":"","overlay-opacity":"","overlay-gradient":""}},"footnotes":""},"class_list":["post-1730","page","type-page","status-publish","hentry"],"yoast_head":"<!-- This site is optimized with the Yoast SEO plugin v27.3 - https:\/\/yoast.com\/product\/yoast-seo-wordpress\/ -->\n<title>RYGG, SKULDER, NAKKEMASSASJE - Valery Hudklinikk<\/title>\n<meta name=\"robots\" content=\"index, follow, max-snippet:-1, max-image-preview:large, max-video-preview:-1\" \/>\n<link rel=\"canonical\" href=\"https:\/\/valery.no\/en\/rygg-skulder-nakkemassasje-arm-og-handmassasje\/\" \/>\n<meta property=\"og:locale\" content=\"en_GB\" \/>\n<meta property=\"og:type\" content=\"article\" \/>\n<meta property=\"og:title\" content=\"RYGG, SKULDER, NAKKEMASSASJE - Valery Hudklinikk\" \/>\n<meta property=\"og:description\" content=\"Nakke- og skuldermassasje 30min Opplev en helhetlig f\u00f8lelse av velv\u00e6re med v\u00e5r rygg-, skulder-, nakke- og armh\u00e5ndmassasje, som ikke bare [&hellip;]\" \/>\n<meta property=\"og:url\" content=\"https:\/\/valery.no\/en\/rygg-skulder-nakkemassasje-arm-og-handmassasje\/\" \/>\n<meta property=\"og:site_name\" content=\"Valery Hudklinikk\" \/>\n<meta property=\"article:modified_time\" content=\"2025-03-06T13:09:10+00:00\" \/>\n<meta property=\"og:image\" content=\"https:\/\/valery.no\/wp-content\/uploads\/2024\/03\/IMG_1580-1024x755.jpg\" \/>\n<meta name=\"twitter:card\" content=\"summary_large_image\" \/>\n<meta name=\"twitter:label1\" content=\"Estimated reading time\" \/>\n\t<meta name=\"twitter:data1\" content=\"1 minute\" \/>\n<script type=\"application\/ld+json\" class=\"yoast-schema-graph\">{\"@context\":\"https:\\\/\\\/schema.org\",\"@graph\":[{\"@type\":\"WebPage\",\"@id\":\"https:\\\/\\\/valery.no\\\/rygg-skulder-nakkemassasje-arm-og-handmassasje\\\/\",\"url\":\"https:\\\/\\\/valery.no\\\/rygg-skulder-nakkemassasje-arm-og-handmassasje\\\/\",\"name\":\"RYGG, SKULDER, NAKKEMASSASJE - Valery Hudklinikk\",\"isPartOf\":{\"@id\":\"https:\\\/\\\/valery.no\\\/#website\"},\"primaryImageOfPage\":{\"@id\":\"https:\\\/\\\/valery.no\\\/rygg-skulder-nakkemassasje-arm-og-handmassasje\\\/#primaryimage\"},\"image\":{\"@id\":\"https:\\\/\\\/valery.no\\\/rygg-skulder-nakkemassasje-arm-og-handmassasje\\\/#primaryimage\"},\"thumbnailUrl\":\"https:\\\/\\\/valery.no\\\/wp-content\\\/uploads\\\/2024\\\/03\\\/IMG_1580-1024x755.jpg\",\"datePublished\":\"2024-03-11T15:58:25+00:00\",\"dateModified\":\"2025-03-06T13:09:10+00:00\",\"breadcrumb\":{\"@id\":\"https:\\\/\\\/valery.no\\\/rygg-skulder-nakkemassasje-arm-og-handmassasje\\\/#breadcrumb\"},\"inLanguage\":\"en-GB\",\"potentialAction\":[{\"@type\":\"ReadAction\",\"target\":[\"https:\\\/\\\/valery.no\\\/rygg-skulder-nakkemassasje-arm-og-handmassasje\\\/\"]}]},{\"@type\":\"ImageObject\",\"inLanguage\":\"en-GB\",\"@id\":\"https:\\\/\\\/valery.no\\\/rygg-skulder-nakkemassasje-arm-og-handmassasje\\\/#primaryimage\",\"url\":\"https:\\\/\\\/valery.no\\\/wp-content\\\/uploads\\\/2024\\\/03\\\/IMG_1580-1024x755.jpg\",\"contentUrl\":\"https:\\\/\\\/valery.no\\\/wp-content\\\/uploads\\\/2024\\\/03\\\/IMG_1580-1024x755.jpg\"},{\"@type\":\"BreadcrumbList\",\"@id\":\"https:\\\/\\\/valery.no\\\/rygg-skulder-nakkemassasje-arm-og-handmassasje\\\/#breadcrumb\",\"itemListElement\":[{\"@type\":\"ListItem\",\"position\":1,\"name\":\"Home\",\"item\":\"https:\\\/\\\/valery.no\\\/\"},{\"@type\":\"ListItem\",\"position\":2,\"name\":\"RYGG, SKULDER, NAKKEMASSASJE\"}]},{\"@type\":\"WebSite\",\"@id\":\"https:\\\/\\\/valery.no\\\/#website\",\"url\":\"https:\\\/\\\/valery.no\\\/\",\"name\":\"Valery Salong\",\"description\":\"VELKOMMEN\",\"publisher\":{\"@id\":\"https:\\\/\\\/valery.no\\\/#organization\"},\"alternateName\":\"Valery Salong\",\"potentialAction\":[{\"@type\":\"SearchAction\",\"target\":{\"@type\":\"EntryPoint\",\"urlTemplate\":\"https:\\\/\\\/valery.no\\\/?s={search_term_string}\"},\"query-input\":{\"@type\":\"PropertyValueSpecification\",\"valueRequired\":true,\"valueName\":\"search_term_string\"}}],\"inLanguage\":\"en-GB\"},{\"@type\":\"Organization\",\"@id\":\"https:\\\/\\\/valery.no\\\/#organization\",\"name\":\"Valery Salong\",\"url\":\"https:\\\/\\\/valery.no\\\/\",\"logo\":{\"@type\":\"ImageObject\",\"inLanguage\":\"en-GB\",\"@id\":\"https:\\\/\\\/valery.no\\\/#\\\/schema\\\/logo\\\/image\\\/\",\"url\":\"https:\\\/\\\/valery.no\\\/wp-content\\\/uploads\\\/2025\\\/09\\\/cropped-E595FE54-4368-49C2-9478-6ABE2D461FA5-edited.png\",\"contentUrl\":\"https:\\\/\\\/valery.no\\\/wp-content\\\/uploads\\\/2025\\\/09\\\/cropped-E595FE54-4368-49C2-9478-6ABE2D461FA5-edited.png\",\"width\":1023,\"height\":768,\"caption\":\"Valery Salong\"},\"image\":{\"@id\":\"https:\\\/\\\/valery.no\\\/#\\\/schema\\\/logo\\\/image\\\/\"}}]}<\/script>\n<!-- \/ Yoast SEO plugin. -->","yoast_head_json":{"title":"RYGG, SKULDER, NAKKEMASSASJE - Valery Hudklinikk","robots":{"index":"index","follow":"follow","max-snippet":"max-snippet:-1","max-image-preview":"max-image-preview:large","max-video-preview":"max-video-preview:-1"},"canonical":"https:\/\/valery.no\/en\/rygg-skulder-nakkemassasje-arm-og-handmassasje\/","og_locale":"en_GB","og_type":"article","og_title":"RYGG, SKULDER, NAKKEMASSASJE - Valery Hudklinikk","og_description":"Nakke- og skuldermassasje 30min Opplev en helhetlig f\u00f8lelse av velv\u00e6re med v\u00e5r rygg-, skulder-, nakke- og armh\u00e5ndmassasje, som ikke bare [&hellip;]","og_url":"https:\/\/valery.no\/en\/rygg-skulder-nakkemassasje-arm-og-handmassasje\/","og_site_name":"Valery Hudklinikk","article_modified_time":"2025-03-06T13:09:10+00:00","og_image":[{"url":"https:\/\/valery.no\/wp-content\/uploads\/2024\/03\/IMG_1580-1024x755.jpg","type":"","width":"","height":""}],"twitter_card":"summary_large_image","twitter_misc":{"Estimated reading time":"1 minute"},"schema":{"@context":"https:\/\/schema.org","@graph":[{"@type":"WebPage","@id":"https:\/\/valery.no\/rygg-skulder-nakkemassasje-arm-og-handmassasje\/","url":"https:\/\/valery.no\/rygg-skulder-nakkemassasje-arm-og-handmassasje\/","name":"RYGG, SKULDER, NAKKEMASSASJE - Valery Hudklinikk","isPartOf":{"@id":"https:\/\/valery.no\/#website"},"primaryImageOfPage":{"@id":"https:\/\/valery.no\/rygg-skulder-nakkemassasje-arm-og-handmassasje\/#primaryimage"},"image":{"@id":"https:\/\/valery.no\/rygg-skulder-nakkemassasje-arm-og-handmassasje\/#primaryimage"},"thumbnailUrl":"https:\/\/valery.no\/wp-content\/uploads\/2024\/03\/IMG_1580-1024x755.jpg","datePublished":"2024-03-11T15:58:25+00:00","dateModified":"2025-03-06T13:09:10+00:00","breadcrumb":{"@id":"https:\/\/valery.no\/rygg-skulder-nakkemassasje-arm-og-handmassasje\/#breadcrumb"},"inLanguage":"en-GB","potentialAction":[{"@type":"ReadAction","target":["https:\/\/valery.no\/rygg-skulder-nakkemassasje-arm-og-handmassasje\/"]}]},{"@type":"ImageObject","inLanguage":"en-GB","@id":"https:\/\/valery.no\/rygg-skulder-nakkemassasje-arm-og-handmassasje\/#primaryimage","url":"https:\/\/valery.no\/wp-content\/uploads\/2024\/03\/IMG_1580-1024x755.jpg","contentUrl":"https:\/\/valery.no\/wp-content\/uploads\/2024\/03\/IMG_1580-1024x755.jpg"},{"@type":"BreadcrumbList","@id":"https:\/\/valery.no\/rygg-skulder-nakkemassasje-arm-og-handmassasje\/#breadcrumb","itemListElement":[{"@type":"ListItem","position":1,"name":"Home","item":"https:\/\/valery.no\/"},{"@type":"ListItem","position":2,"name":"RYGG, SKULDER, NAKKEMASSASJE"}]},{"@type":"WebSite","@id":"https:\/\/valery.no\/#website","url":"https:\/\/valery.no\/","name":"Valery Salong","description":"WELCOME","publisher":{"@id":"https:\/\/valery.no\/#organization"},"alternateName":"Valery Salong","potentialAction":[{"@type":"SearchAction","target":{"@type":"EntryPoint","urlTemplate":"https:\/\/valery.no\/?s={search_term_string}"},"query-input":{"@type":"PropertyValueSpecification","valueRequired":true,"valueName":"search_term_string"}}],"inLanguage":"en-GB"},{"@type":"Organization","@id":"https:\/\/valery.no\/#organization","name":"Valery Salong","url":"https:\/\/valery.no\/","logo":{"@type":"ImageObject","inLanguage":"en-GB","@id":"https:\/\/valery.no\/#\/schema\/logo\/image\/","url":"https:\/\/valery.no\/wp-content\/uploads\/2025\/09\/cropped-E595FE54-4368-49C2-9478-6ABE2D461FA5-edited.png","contentUrl":"https:\/\/valery.no\/wp-content\/uploads\/2025\/09\/cropped-E595FE54-4368-49C2-9478-6ABE2D461FA5-edited.png","width":1023,"height":768,"caption":"Valery Salong"},"image":{"@id":"https:\/\/valery.no\/#\/schema\/logo\/image\/"}}]}},"_links":{"self":[{"href":"https:\/\/valery.no\/en\/wp-json\/wp\/v2\/pages\/1730","targetHints":{"allow":["GET"]}}],"collection":[{"href":"https:\/\/valery.no\/en\/wp-json\/wp\/v2\/pages"}],"about":[{"href":"https:\/\/valery.no\/en\/wp-json\/wp\/v2\/types\/page"}],"author":[{"embeddable":true,"href":"https:\/\/valery.no\/en\/wp-json\/wp\/v2\/users\/1"}],"replies":[{"embeddable":true,"href":"https:\/\/valery.no\/en\/wp-json\/wp\/v2\/comments?post=1730"}],"version-history":[{"count":13,"href":"https:\/\/valery.no\/en\/wp-json\/wp\/v2\/pages\/1730\/revisions"}],"predecessor-version":[{"id":2983,"href":"https:\/\/valery.no\/en\/wp-json\/wp\/v2\/pages\/1730\/revisions\/2983"}],"wp:attachment":[{"href":"https:\/\/valery.no\/en\/wp-json\/wp\/v2\/media?parent=1730"}],"curies":[{"name":"wp","href":"https:\/\/api.w.org\/{rel}","templated":true}]}}